{"id":8,"date":"2023-03-08T16:17:15","date_gmt":"2023-03-08T15:17:15","guid":{"rendered":"http:\/\/www.location-gite-pornic.fr\/?page_id=8"},"modified":"2024-04-15T08:21:29","modified_gmt":"2024-04-15T06:21:29","slug":"accueil","status":"publish","type":"page","link":"https:\/\/www.location-gite-pornic.fr\/","title":{"rendered":""},"content":{"rendered":"\n<p><em><strong>Venez vous ressourcer \u00e0 la campagne et tout pr\u00e8s de la mer, dans un endroit confortable, calme et tr\u00e8s agr\u00e9able.<\/strong><\/em>   <img loading=\"lazy\" decoding=\"async\" width=\"150\" height=\"73\" class=\"wp-image-357\" style=\"width: 150px;\" src=\"https:\/\/www.location-gite-pornic.fr\/wp-content\/uploads\/2023\/03\/ext2023000-19.jpeg\" alt=\"\" srcset=\"https:\/\/www.location-gite-pornic.fr\/wp-content\/uploads\/2023\/03\/ext2023000-19.jpeg 800w, https:\/\/www.location-gite-pornic.fr\/wp-content\/uploads\/2023\/03\/ext2023000-19-300x146.jpeg 300w, https:\/\/www.location-gite-pornic.fr\/wp-content\/uploads\/2023\/03\/ext2023000-19-768x374.jpeg 768w\" sizes=\"auto, (max-width: 150px) 100vw, 150px\" \/>   <\/p>\n\n\n\n<p><em><strong>Le charme de la campagne \u00e0 5 km des plages !<\/strong><\/em> <img loading=\"lazy\" decoding=\"async\" width=\"150\" height=\"113\" class=\"wp-image-411\" style=\"width: 150px;\" src=\"https:\/\/www.location-gite-pornic.fr\/wp-content\/uploads\/2023\/03\/13032023-3.jpeg\" alt=\"\" srcset=\"https:\/\/www.location-gite-pornic.fr\/wp-content\/uploads\/2023\/03\/13032023-3.jpeg 640w, https:\/\/www.location-gite-pornic.fr\/wp-content\/uploads\/2023\/03\/13032023-3-300x225.jpeg 300w\" sizes=\"auto, (max-width: 150px) 100vw, 150px\" \/><img loading=\"lazy\" decoding=\"async\" width=\"150\" height=\"113\" class=\"wp-image-412\" style=\"width: 150px;\" src=\"https:\/\/www.location-gite-pornic.fr\/wp-content\/uploads\/2023\/03\/13032023-4.jpeg\" alt=\"\" srcset=\"https:\/\/www.location-gite-pornic.fr\/wp-content\/uploads\/2023\/03\/13032023-4.jpeg 640w, https:\/\/www.location-gite-pornic.fr\/wp-content\/uploads\/2023\/03\/13032023-4-300x225.jpeg 300w\" sizes=\"auto, (max-width: 150px) 100vw, 150px\" \/><img loading=\"lazy\" decoding=\"async\" width=\"150\" height=\"142\" class=\"wp-image-624\" style=\"width: 150px;\" src=\"https:\/\/www.location-gite-pornic.fr\/wp-content\/uploads\/2024\/04\/IMG_0290-1.jpeg\" alt=\"\" srcset=\"https:\/\/www.location-gite-pornic.fr\/wp-content\/uploads\/2024\/04\/IMG_0290-1.jpeg 2446w, https:\/\/www.location-gite-pornic.fr\/wp-content\/uploads\/2024\/04\/IMG_0290-1-300x283.jpeg 300w, https:\/\/www.location-gite-pornic.fr\/wp-content\/uploads\/2024\/04\/IMG_0290-1-1024x967.jpeg 1024w, https:\/\/www.location-gite-pornic.fr\/wp-content\/uploads\/2024\/04\/IMG_0290-1-768x725.jpeg 768w, https:\/\/www.location-gite-pornic.fr\/wp-content\/uploads\/2024\/04\/IMG_0290-1-1536x1450.jpeg 1536w, https:\/\/www.location-gite-pornic.fr\/wp-content\/uploads\/2024\/04\/IMG_0290-1-2048x1933.jpeg 2048w\" sizes=\"auto, (max-width: 150px) 100vw, 150px\" \/><img loading=\"lazy\" decoding=\"async\" width=\"150\" height=\"113\" class=\"wp-image-420\" style=\"width: 150px;\" src=\"https:\/\/www.location-gite-pornic.fr\/wp-content\/uploads\/2023\/03\/13032023-12.jpeg\" alt=\"\" srcset=\"https:\/\/www.location-gite-pornic.fr\/wp-content\/uploads\/2023\/03\/13032023-12.jpeg 640w, https:\/\/www.location-gite-pornic.fr\/wp-content\/uploads\/2023\/03\/13032023-12-300x225.jpeg 300w\" sizes=\"auto, (max-width: 150px) 100vw, 150px\" \/><\/p>\n","protected":false},"excerpt":{"rendered":"<p>Venez vous ressourcer \u00e0 la campagne et tout pr\u00e8s de la mer, dans un endroit confortable, calme et tr\u00e8s agr\u00e9able. Le charme de la campagne \u00e0 5 km des plages !<\/p>\n","protected":false},"author":1,"featured_media":0,"parent":0,"menu_order":0,"comment_status":"closed","ping_status":"closed","template":"","meta":{"_themeisle_gutenberg_block_has_review":false,"footnotes":""},"class_list":["post-8","page","type-page","status-publish","hentry"],"_links":{"self":[{"href":"https:\/\/www.location-gite-pornic.fr\/index.php?rest_route=\/wp\/v2\/pages\/8","targetHints":{"allow":["GET"]}}],"collection":[{"href":"https:\/\/www.location-gite-pornic.fr\/index.php?rest_route=\/wp\/v2\/pages"}],"about":[{"href":"https:\/\/www.location-gite-pornic.fr\/index.php?rest_route=\/wp\/v2\/types\/page"}],"author":[{"embeddable":true,"href":"https:\/\/www.location-gite-pornic.fr\/index.php?rest_route=\/wp\/v2\/users\/1"}],"replies":[{"embeddable":true,"href":"https:\/\/www.location-gite-pornic.fr\/index.php?rest_route=%2Fwp%2Fv2%2Fcomments&post=8"}],"version-history":[{"count":13,"href":"https:\/\/www.location-gite-pornic.fr\/index.php?rest_route=\/wp\/v2\/pages\/8\/revisions"}],"predecessor-version":[{"id":625,"href":"https:\/\/www.location-gite-pornic.fr\/index.php?rest_route=\/wp\/v2\/pages\/8\/revisions\/625"}],"wp:attachment":[{"href":"https:\/\/www.location-gite-pornic.fr\/index.php?rest_route=%2Fwp%2Fv2%2Fmedia&parent=8"}],"curies":[{"name":"wp","href":"https:\/\/api.w.org\/{rel}","templated":true}]}}