{"id":65,"date":"2023-03-08T18:04:32","date_gmt":"2023-03-08T17:04:32","guid":{"rendered":"https:\/\/www.location-gite-pornic.fr\/?page_id=65"},"modified":"2023-03-13T21:06:08","modified_gmt":"2023-03-13T20:06:08","slug":"nous-situer","status":"publish","type":"page","link":"https:\/\/www.location-gite-pornic.fr\/?page_id=65","title":{"rendered":"Nous situer"},"content":{"rendered":"\n<figure class=\"wp-block-image size-full\"><img loading=\"lazy\" decoding=\"async\" width=\"800\" height=\"544\" src=\"https:\/\/www.location-gite-pornic.fr\/wp-content\/uploads\/2023\/03\/Image-10-03-2023-a-18.02.jpeg\" alt=\"\" class=\"wp-image-367\" srcset=\"https:\/\/www.location-gite-pornic.fr\/wp-content\/uploads\/2023\/03\/Image-10-03-2023-a-18.02.jpeg 800w, https:\/\/www.location-gite-pornic.fr\/wp-content\/uploads\/2023\/03\/Image-10-03-2023-a-18.02-300x204.jpeg 300w, https:\/\/www.location-gite-pornic.fr\/wp-content\/uploads\/2023\/03\/Image-10-03-2023-a-18.02-768x522.jpeg 768w\" sizes=\"auto, (max-width: 767px) 89vw, (max-width: 1000px) 54vw, (max-width: 1071px) 543px, 580px\" \/><\/figure>\n\n\n\n<p>\u2022Utilisez l&#8217;application WASE et entrez &#8220;gites du plessis pornic&#8221;. <br>\u2022Avec un GPS, pour la ville notez : Pornic et la rue : le Plessis (tout seul, pas de num\u00e9ro).<\/p>\n\n\n\n<p><\/p>\n\n\n\n<figure class=\"wp-block-image size-full\"><img loading=\"lazy\" decoding=\"async\" width=\"800\" height=\"390\" src=\"https:\/\/www.location-gite-pornic.fr\/wp-content\/uploads\/2023\/03\/ext2023000-19.jpeg\" alt=\"\" class=\"wp-image-357\" srcset=\"https:\/\/www.location-gite-pornic.fr\/wp-content\/uploads\/2023\/03\/ext2023000-19.jpeg 800w, https:\/\/www.location-gite-pornic.fr\/wp-content\/uploads\/2023\/03\/ext2023000-19-300x146.jpeg 300w, https:\/\/www.location-gite-pornic.fr\/wp-content\/uploads\/2023\/03\/ext2023000-19-768x374.jpeg 768w\" sizes=\"auto, (max-width: 767px) 89vw, (max-width: 1000px) 54vw, (max-width: 1071px) 543px, 580px\" \/><\/figure>\n\n\n\n<p>\u2022 Entre Bourgneuf-en-Retz et Saint-Br\u00e9vin, \u00e0 20 km de Saint-Nazaire et les Chantiers Navals, de La Baule (40 km), de Gu\u00e9rande et ses marais (45 km) et de Nantes (50 km).<\/p>\n\n\n\n<p>\u2022 A 20 km du Sentier des Daims \u00e0 Frossay, (Legendia Parc)<\/p>\n\n\n\n<p>\u2022 A 30 km du Grand Parc Animalier Plan\u00e8te Sauvage de Port Saint P\u00e8re et \u00e0 1H de l&#8217;Oc\u00e9arium du Croisic<\/p>\n\n\n\n<p>\u2022 A 1H30 (135km) du Grand Parc du Puy du Fou en Vend\u00e9e et \u00e0 2H30 (270 km) du Futuroscope de Poitiers. <\/p>\n\n\n\n<p>-EN VENANT DE NANTES : Prendre la sortie \u00e0 droite juste avant Pornic (1\u00e8re sortie, \u00e9pingle \u00e0 cheveux), direction Le Clion Sur Mer*. Au stop, aller tout droit, et apr\u00e8s environ 500m, tourner \u00e0 droite (direction &#8220;Chauv\u00e9, Vue&#8221;) jusqu&#8217;\u00e0 un stop. Prendre \u00e0 droite jusqu&#8217;au Pont du Clion (Le resto &#8220;Le Pont du Clion&#8221; fait l&#8217;angle du carrefour \u00e0 droite). Ici, prendre \u00e0 gauche, direction Pornic (panneau PORNIC, petit panneau &#8220;Les G\u00eetes Du Plessis&#8221;). Suivre cette petite route (virages et chicanes \u2026), 5\u00e8me route \u00e0 droite (Les grandes gouraudi\u00e8res, Le Plessis). Allez tout droit -> Le Plessis, Les G\u00eetes.<\/p>\n\n\n\n<p>Si vous avez loup\u00e9 la sortie Clion sur Mer ! Vous arrivez sur un rond-point : Prendre la 1\u00e8re route \u00e0 droite vers le Clion sur Mer. Continuer tout droit jusqu&#8217;au bourg du Clion, passer devant l&#8217;\u00e9glise, \u00e0 gauche au petit rond-point vers le Pont du Clion. Suivre les pr\u00e9c\u00e9dentes indications. <br><br>-En VENANT DE SAINT NAZAIRE : Prendre la deuxi\u00e8me sortie &#8220;Pornic Centre&#8221; puis la premi\u00e8re route \u00e0 gauche. Passer sur le pont au-dessus de la 4 voies et prendre la 1\u00e8re \u00e0 droite, direction Le Pont du Clion, Chauv\u00e9, complexe du Val St Martin. Continuer sur 1 ou 2 km (une multitude de dos d&#8217;\u00e2ne !!, vous passez \u00e0 droite du lyc\u00e9e de Pornic). A la Chalopini\u00e8re, tourner \u00e0 gauche direction Le Plessis, Les G\u00eetes Du Plessis. Aller tout droit &#8211;> Le Plessis, Les G\u00eetes.<\/p>\n\n\n\n<p>Et si vous \u00eates perdus!\u2026 Tel : 06 20 31 27 11<\/p>\n","protected":false},"excerpt":{"rendered":"<p>\u2022Utilisez l&#8217;application WASE et entrez &#8220;gites du plessis pornic&#8221;. \u2022Avec un GPS, pour la ville notez : Pornic et la rue : le Plessis (tout seul, pas de num\u00e9ro). \u2022 Entre Bourgneuf-en-Retz et Saint-Br\u00e9vin, \u00e0 20 km de Saint-Nazaire et les Chantiers Navals, de La Baule (40 km), de Gu\u00e9rande et ses marais (45 km) &hellip; <\/p>\n<p class=\"link-more\"><a href=\"https:\/\/www.location-gite-pornic.fr\/?page_id=65\" class=\"more-link\">Continue reading<span class=\"screen-reader-text\"> &#8220;Nous situer&#8221;<\/span><\/a><\/p>\n","protected":false},"author":1,"featured_media":0,"parent":0,"menu_order":0,"comment_status":"closed","ping_status":"closed","template":"","meta":{"_themeisle_gutenberg_block_has_review":false,"footnotes":""},"class_list":["post-65","page","type-page","status-publish","hentry"],"_links":{"self":[{"href":"https:\/\/www.location-gite-pornic.fr\/index.php?rest_route=\/wp\/v2\/pages\/65","targetHints":{"allow":["GET"]}}],"collection":[{"href":"https:\/\/www.location-gite-pornic.fr\/index.php?rest_route=\/wp\/v2\/pages"}],"about":[{"href":"https:\/\/www.location-gite-pornic.fr\/index.php?rest_route=\/wp\/v2\/types\/page"}],"author":[{"embeddable":true,"href":"https:\/\/www.location-gite-pornic.fr\/index.php?rest_route=\/wp\/v2\/users\/1"}],"replies":[{"embeddable":true,"href":"https:\/\/www.location-gite-pornic.fr\/index.php?rest_route=%2Fwp%2Fv2%2Fcomments&post=65"}],"version-history":[{"count":9,"href":"https:\/\/www.location-gite-pornic.fr\/index.php?rest_route=\/wp\/v2\/pages\/65\/revisions"}],"predecessor-version":[{"id":454,"href":"https:\/\/www.location-gite-pornic.fr\/index.php?rest_route=\/wp\/v2\/pages\/65\/revisions\/454"}],"wp:attachment":[{"href":"https:\/\/www.location-gite-pornic.fr\/index.php?rest_route=%2Fwp%2Fv2%2Fmedia&parent=65"}],"curies":[{"name":"wp","href":"https:\/\/api.w.org\/{rel}","templated":true}]}}