{"id":60,"date":"2023-03-08T17:59:25","date_gmt":"2023-03-08T16:59:25","guid":{"rendered":"https:\/\/www.location-gite-pornic.fr\/?page_id=60"},"modified":"2023-07-18T19:33:53","modified_gmt":"2023-07-18T17:33:53","slug":"loisirs","status":"publish","type":"page","link":"https:\/\/www.location-gite-pornic.fr\/?page_id=60","title":{"rendered":"Loisirs sur place"},"content":{"rendered":"\n<p>Un terrain de p\u00e9tanque (jeux de p\u00e9tanque et molky \u00e0 disposition), un trampoline, une balan\u00e7oire,\u00a0une table de ping pong (raquettes et balles sur place),<\/p>\n\n\n\n<figure class=\"wp-block-gallery has-nested-images columns-default is-cropped wp-block-gallery-1 is-layout-flex wp-block-gallery-is-layout-flex\">\n<figure class=\"wp-block-image size-large\"><img loading=\"lazy\" decoding=\"async\" width=\"800\" height=\"600\" data-id=\"325\" src=\"https:\/\/www.location-gite-pornic.fr\/wp-content\/uploads\/2023\/03\/ext2023000-12.jpeg\" alt=\"\" class=\"wp-image-325\" srcset=\"https:\/\/www.location-gite-pornic.fr\/wp-content\/uploads\/2023\/03\/ext2023000-12.jpeg 800w, https:\/\/www.location-gite-pornic.fr\/wp-content\/uploads\/2023\/03\/ext2023000-12-300x225.jpeg 300w, https:\/\/www.location-gite-pornic.fr\/wp-content\/uploads\/2023\/03\/ext2023000-12-768x576.jpeg 768w\" sizes=\"auto, (max-width: 767px) 89vw, (max-width: 1000px) 54vw, (max-width: 1071px) 543px, 580px\" \/><\/figure>\n\n\n\n<figure class=\"wp-block-image size-large\"><img loading=\"lazy\" decoding=\"async\" width=\"600\" height=\"450\" data-id=\"331\" src=\"https:\/\/www.location-gite-pornic.fr\/wp-content\/uploads\/2023\/03\/grange2.jpg\" alt=\"\" class=\"wp-image-331\" srcset=\"https:\/\/www.location-gite-pornic.fr\/wp-content\/uploads\/2023\/03\/grange2.jpg 600w, https:\/\/www.location-gite-pornic.fr\/wp-content\/uploads\/2023\/03\/grange2-300x225.jpg 300w\" sizes=\"auto, (max-width: 600px) 100vw, 600px\" \/><\/figure>\n\n\n\n<figure class=\"wp-block-image size-full\"><img loading=\"lazy\" decoding=\"async\" width=\"800\" height=\"600\" data-id=\"246\" src=\"https:\/\/www.location-gite-pornic.fr\/wp-content\/uploads\/2023\/03\/Piscine2023000-13.jpeg\" alt=\"\" class=\"wp-image-246\" srcset=\"https:\/\/www.location-gite-pornic.fr\/wp-content\/uploads\/2023\/03\/Piscine2023000-13.jpeg 800w, https:\/\/www.location-gite-pornic.fr\/wp-content\/uploads\/2023\/03\/Piscine2023000-13-300x225.jpeg 300w, https:\/\/www.location-gite-pornic.fr\/wp-content\/uploads\/2023\/03\/Piscine2023000-13-768x576.jpeg 768w\" sizes=\"auto, (max-width: 767px) 89vw, (max-width: 1000px) 54vw, (max-width: 1071px) 543px, 580px\" \/><\/figure>\n<\/figure>\n\n\n\n<figure class=\"wp-block-gallery has-nested-images columns-default is-cropped wp-block-gallery-2 is-layout-flex wp-block-gallery-is-layout-flex\">\n<figure class=\"wp-block-image size-large\"><img loading=\"lazy\" decoding=\"async\" width=\"800\" height=\"600\" data-id=\"239\" src=\"https:\/\/www.location-gite-pornic.fr\/wp-content\/uploads\/2023\/03\/Piscine2023000-6.jpeg\" alt=\"\" class=\"wp-image-239\" srcset=\"https:\/\/www.location-gite-pornic.fr\/wp-content\/uploads\/2023\/03\/Piscine2023000-6.jpeg 800w, https:\/\/www.location-gite-pornic.fr\/wp-content\/uploads\/2023\/03\/Piscine2023000-6-300x225.jpeg 300w, https:\/\/www.location-gite-pornic.fr\/wp-content\/uploads\/2023\/03\/Piscine2023000-6-768x576.jpeg 768w\" sizes=\"auto, (max-width: 767px) 89vw, (max-width: 1000px) 54vw, (max-width: 1071px) 543px, 580px\" \/><\/figure>\n\n\n\n<figure class=\"wp-block-image size-full\"><img loading=\"lazy\" decoding=\"async\" width=\"700\" height=\"525\" data-id=\"241\" src=\"https:\/\/www.location-gite-pornic.fr\/wp-content\/uploads\/2023\/03\/Piscine2023000-8.jpeg\" alt=\"\" class=\"wp-image-241\" srcset=\"https:\/\/www.location-gite-pornic.fr\/wp-content\/uploads\/2023\/03\/Piscine2023000-8.jpeg 700w, https:\/\/www.location-gite-pornic.fr\/wp-content\/uploads\/2023\/03\/Piscine2023000-8-300x225.jpeg 300w\" sizes=\"auto, (max-width: 700px) 100vw, 700px\" \/><\/figure>\n\n\n\n<figure class=\"wp-block-image size-large\"><img loading=\"lazy\" decoding=\"async\" width=\"800\" height=\"600\" data-id=\"233\" src=\"https:\/\/www.location-gite-pornic.fr\/wp-content\/uploads\/2023\/03\/Piscine2023000.jpeg\" alt=\"\" class=\"wp-image-233\" srcset=\"https:\/\/www.location-gite-pornic.fr\/wp-content\/uploads\/2023\/03\/Piscine2023000.jpeg 800w, https:\/\/www.location-gite-pornic.fr\/wp-content\/uploads\/2023\/03\/Piscine2023000-300x225.jpeg 300w, https:\/\/www.location-gite-pornic.fr\/wp-content\/uploads\/2023\/03\/Piscine2023000-768x576.jpeg 768w\" sizes=\"auto, (max-width: 767px) 89vw, (max-width: 1000px) 54vw, (max-width: 1071px) 543px, 580px\" \/><\/figure>\n<\/figure>\n\n\n\n<p>La <span style=\"font-weight: bold; text-decoration: underline;\">PISCINE EXT\u00c9RIEURE<\/span><b> <\/b> 5mx10m couverte d\u2019un grand abri haut, accessible et <strong>chauff\u00e9e<\/strong> d&#8217;avril \u00e0\u00a0fin octobre.<\/p>\n\n\n\n<figure class=\"wp-block-gallery has-nested-images columns-default is-cropped wp-block-gallery-3 is-layout-flex wp-block-gallery-is-layout-flex\">\n<figure class=\"wp-block-image size-large\"><img loading=\"lazy\" decoding=\"async\" width=\"500\" height=\"375\" data-id=\"359\" src=\"https:\/\/www.location-gite-pornic.fr\/wp-content\/uploads\/2023\/03\/ext2023000-21.jpeg\" alt=\"\" class=\"wp-image-359\" srcset=\"https:\/\/www.location-gite-pornic.fr\/wp-content\/uploads\/2023\/03\/ext2023000-21.jpeg 500w, https:\/\/www.location-gite-pornic.fr\/wp-content\/uploads\/2023\/03\/ext2023000-21-300x225.jpeg 300w\" sizes=\"auto, (max-width: 500px) 100vw, 500px\" \/><\/figure>\n\n\n\n<figure class=\"wp-block-image size-large\"><img loading=\"lazy\" decoding=\"async\" width=\"640\" height=\"480\" data-id=\"358\" src=\"https:\/\/www.location-gite-pornic.fr\/wp-content\/uploads\/2023\/03\/ext2023000-20.jpeg\" alt=\"\" class=\"wp-image-358\" srcset=\"https:\/\/www.location-gite-pornic.fr\/wp-content\/uploads\/2023\/03\/ext2023000-20.jpeg 640w, https:\/\/www.location-gite-pornic.fr\/wp-content\/uploads\/2023\/03\/ext2023000-20-300x225.jpeg 300w\" sizes=\"auto, (max-width: 640px) 100vw, 640px\" \/><\/figure>\n\n\n\n<figure class=\"wp-block-image size-large\"><img loading=\"lazy\" decoding=\"async\" width=\"640\" height=\"480\" data-id=\"356\" src=\"https:\/\/www.location-gite-pornic.fr\/wp-content\/uploads\/2023\/03\/ext2023000-18.jpeg\" alt=\"\" class=\"wp-image-356\" srcset=\"https:\/\/www.location-gite-pornic.fr\/wp-content\/uploads\/2023\/03\/ext2023000-18.jpeg 640w, https:\/\/www.location-gite-pornic.fr\/wp-content\/uploads\/2023\/03\/ext2023000-18-300x225.jpeg 300w\" sizes=\"auto, (max-width: 640px) 100vw, 640px\" \/><\/figure>\n<\/figure>\n\n\n\n<p>Les amateurs de p\u00eache, eux, pourront aller taquiner le poisson dans notre petit \u00e9tang.<\/p>\n\n\n\n<figure class=\"wp-block-gallery has-nested-images columns-default is-cropped wp-block-gallery-4 is-layout-flex wp-block-gallery-is-layout-flex\">\n<figure class=\"wp-block-image size-full\"><img loading=\"lazy\" decoding=\"async\" width=\"800\" height=\"600\" data-id=\"313\" src=\"https:\/\/www.location-gite-pornic.fr\/wp-content\/uploads\/2023\/03\/ext2023000.jpeg\" alt=\"\" class=\"wp-image-313\" srcset=\"https:\/\/www.location-gite-pornic.fr\/wp-content\/uploads\/2023\/03\/ext2023000.jpeg 800w, https:\/\/www.location-gite-pornic.fr\/wp-content\/uploads\/2023\/03\/ext2023000-300x225.jpeg 300w, https:\/\/www.location-gite-pornic.fr\/wp-content\/uploads\/2023\/03\/ext2023000-768x576.jpeg 768w\" sizes=\"auto, (max-width: 767px) 89vw, (max-width: 1000px) 54vw, (max-width: 1071px) 543px, 580px\" \/><\/figure>\n\n\n\n<figure class=\"wp-block-image size-full\"><img loading=\"lazy\" decoding=\"async\" width=\"800\" height=\"600\" data-id=\"314\" src=\"https:\/\/www.location-gite-pornic.fr\/wp-content\/uploads\/2023\/03\/ext2023000-1.jpeg\" alt=\"\" class=\"wp-image-314\" srcset=\"https:\/\/www.location-gite-pornic.fr\/wp-content\/uploads\/2023\/03\/ext2023000-1.jpeg 800w, https:\/\/www.location-gite-pornic.fr\/wp-content\/uploads\/2023\/03\/ext2023000-1-300x225.jpeg 300w, https:\/\/www.location-gite-pornic.fr\/wp-content\/uploads\/2023\/03\/ext2023000-1-768x576.jpeg 768w\" sizes=\"auto, (max-width: 767px) 89vw, (max-width: 1000px) 54vw, (max-width: 1071px) 543px, 580px\" \/><\/figure>\n\n\n\n<figure class=\"wp-block-image size-full\"><img loading=\"lazy\" decoding=\"async\" width=\"800\" height=\"600\" data-id=\"255\" src=\"https:\/\/www.location-gite-pornic.fr\/wp-content\/uploads\/2023\/03\/Spa2023000-5.jpeg\" alt=\"\" class=\"wp-image-255\" srcset=\"https:\/\/www.location-gite-pornic.fr\/wp-content\/uploads\/2023\/03\/Spa2023000-5.jpeg 800w, https:\/\/www.location-gite-pornic.fr\/wp-content\/uploads\/2023\/03\/Spa2023000-5-300x225.jpeg 300w, https:\/\/www.location-gite-pornic.fr\/wp-content\/uploads\/2023\/03\/Spa2023000-5-768x576.jpeg 768w\" sizes=\"auto, (max-width: 767px) 89vw, (max-width: 1000px) 54vw, (max-width: 1071px) 543px, 580px\" \/><\/figure>\n<\/figure>\n\n\n\n<p><strong><span style=\"text-decoration: underline;\">La SALLE D\u00c9TENTE<\/span> <\/strong> avec Spa 5 places, r\u00e9serv\u00e9 aux adultes, sans suppl\u00e9ment.<br>S\u00e9ances de 20 mn, 1 fois par jour autoris\u00e9e. <br>V\u00e9lo elliptique, stepper, v\u00e9lo fixe, rameur.<br>Ouvert toute la journ\u00e9e de 9h \u00e0 20h.<\/p>\n\n\n\n<figure class=\"wp-block-gallery has-nested-images columns-default is-cropped wp-block-gallery-5 is-layout-flex wp-block-gallery-is-layout-flex\">\n<figure class=\"wp-block-image size-large\"><img loading=\"lazy\" decoding=\"async\" width=\"1024\" height=\"768\" data-id=\"521\" src=\"https:\/\/www.location-gite-pornic.fr\/wp-content\/uploads\/2023\/07\/843F265D-1120-4E08-B2F4-CDDEC33A2422-1024x768.jpeg\" alt=\"\" class=\"wp-image-521\" srcset=\"https:\/\/www.location-gite-pornic.fr\/wp-content\/uploads\/2023\/07\/843F265D-1120-4E08-B2F4-CDDEC33A2422-1024x768.jpeg 1024w, https:\/\/www.location-gite-pornic.fr\/wp-content\/uploads\/2023\/07\/843F265D-1120-4E08-B2F4-CDDEC33A2422-300x225.jpeg 300w, https:\/\/www.location-gite-pornic.fr\/wp-content\/uploads\/2023\/07\/843F265D-1120-4E08-B2F4-CDDEC33A2422-768x576.jpeg 768w, https:\/\/www.location-gite-pornic.fr\/wp-content\/uploads\/2023\/07\/843F265D-1120-4E08-B2F4-CDDEC33A2422-1536x1152.jpeg 1536w, https:\/\/www.location-gite-pornic.fr\/wp-content\/uploads\/2023\/07\/843F265D-1120-4E08-B2F4-CDDEC33A2422-2048x1536.jpeg 2048w\" sizes=\"auto, (max-width: 767px) 89vw, (max-width: 1000px) 54vw, (max-width: 1071px) 543px, 580px\" \/><\/figure>\n\n\n\n<figure class=\"wp-block-image size-large\"><img loading=\"lazy\" decoding=\"async\" width=\"1024\" height=\"768\" data-id=\"522\" src=\"https:\/\/www.location-gite-pornic.fr\/wp-content\/uploads\/2023\/07\/37175B57-0B47-4E31-9029-73FC49E0D95B-1024x768.jpeg\" alt=\"\" class=\"wp-image-522\" srcset=\"https:\/\/www.location-gite-pornic.fr\/wp-content\/uploads\/2023\/07\/37175B57-0B47-4E31-9029-73FC49E0D95B-1024x768.jpeg 1024w, https:\/\/www.location-gite-pornic.fr\/wp-content\/uploads\/2023\/07\/37175B57-0B47-4E31-9029-73FC49E0D95B-300x225.jpeg 300w, https:\/\/www.location-gite-pornic.fr\/wp-content\/uploads\/2023\/07\/37175B57-0B47-4E31-9029-73FC49E0D95B-768x576.jpeg 768w, https:\/\/www.location-gite-pornic.fr\/wp-content\/uploads\/2023\/07\/37175B57-0B47-4E31-9029-73FC49E0D95B-1536x1152.jpeg 1536w, https:\/\/www.location-gite-pornic.fr\/wp-content\/uploads\/2023\/07\/37175B57-0B47-4E31-9029-73FC49E0D95B-2048x1536.jpeg 2048w\" sizes=\"auto, (max-width: 767px) 89vw, (max-width: 1000px) 54vw, (max-width: 1071px) 543px, 580px\" \/><\/figure>\n\n\n\n<figure class=\"wp-block-image size-large\"><img loading=\"lazy\" decoding=\"async\" width=\"1024\" height=\"768\" data-id=\"523\" src=\"https:\/\/www.location-gite-pornic.fr\/wp-content\/uploads\/2023\/07\/67C8346B-7C3E-4E34-8296-AA4C8AF69C6B-1024x768.jpeg\" alt=\"\" class=\"wp-image-523\" srcset=\"https:\/\/www.location-gite-pornic.fr\/wp-content\/uploads\/2023\/07\/67C8346B-7C3E-4E34-8296-AA4C8AF69C6B-1024x768.jpeg 1024w, https:\/\/www.location-gite-pornic.fr\/wp-content\/uploads\/2023\/07\/67C8346B-7C3E-4E34-8296-AA4C8AF69C6B-300x225.jpeg 300w, https:\/\/www.location-gite-pornic.fr\/wp-content\/uploads\/2023\/07\/67C8346B-7C3E-4E34-8296-AA4C8AF69C6B-768x576.jpeg 768w, https:\/\/www.location-gite-pornic.fr\/wp-content\/uploads\/2023\/07\/67C8346B-7C3E-4E34-8296-AA4C8AF69C6B-1536x1152.jpeg 1536w, https:\/\/www.location-gite-pornic.fr\/wp-content\/uploads\/2023\/07\/67C8346B-7C3E-4E34-8296-AA4C8AF69C6B-2048x1536.jpeg 2048w\" sizes=\"auto, (max-width: 767px) 89vw, (max-width: 1000px) 54vw, (max-width: 1071px) 543px, 580px\" \/><\/figure>\n<\/figure>\n\n\n\n<p>Et c\u2019est tout <strong>NOUVEAU<\/strong>, une magnifique <strong><span style=\"text-decoration: underline;\">SALLE DE JEUX<\/span><\/strong> avec un billard et un baby-foot, et probablement un jeu de fl\u00e9chettes plus tard.<\/p>\n","protected":false},"excerpt":{"rendered":"<p>Un terrain de p\u00e9tanque (jeux de p\u00e9tanque et molky \u00e0 disposition), un trampoline, une balan\u00e7oire,\u00a0une table de ping pong (raquettes et balles sur place), La PISCINE EXT\u00c9RIEURE 5mx10m couverte d\u2019un grand abri haut, accessible et chauff\u00e9e d&#8217;avril \u00e0\u00a0fin octobre. Les amateurs de p\u00eache, eux, pourront aller taquiner le poisson dans notre petit \u00e9tang. La SALLE &hellip; <\/p>\n<p class=\"link-more\"><a href=\"https:\/\/www.location-gite-pornic.fr\/?page_id=60\" class=\"more-link\">Continue reading<span class=\"screen-reader-text\"> &#8220;Loisirs sur place&#8221;<\/span><\/a><\/p>\n","protected":false},"author":1,"featured_media":0,"parent":0,"menu_order":0,"comment_status":"closed","ping_status":"closed","template":"","meta":{"_themeisle_gutenberg_block_has_review":false,"footnotes":""},"class_list":["post-60","page","type-page","status-publish","hentry"],"_links":{"self":[{"href":"https:\/\/www.location-gite-pornic.fr\/index.php?rest_route=\/wp\/v2\/pages\/60","targetHints":{"allow":["GET"]}}],"collection":[{"href":"https:\/\/www.location-gite-pornic.fr\/index.php?rest_route=\/wp\/v2\/pages"}],"about":[{"href":"https:\/\/www.location-gite-pornic.fr\/index.php?rest_route=\/wp\/v2\/types\/page"}],"author":[{"embeddable":true,"href":"https:\/\/www.location-gite-pornic.fr\/index.php?rest_route=\/wp\/v2\/users\/1"}],"replies":[{"embeddable":true,"href":"https:\/\/www.location-gite-pornic.fr\/index.php?rest_route=%2Fwp%2Fv2%2Fcomments&post=60"}],"version-history":[{"count":13,"href":"https:\/\/www.location-gite-pornic.fr\/index.php?rest_route=\/wp\/v2\/pages\/60\/revisions"}],"predecessor-version":[{"id":530,"href":"https:\/\/www.location-gite-pornic.fr\/index.php?rest_route=\/wp\/v2\/pages\/60\/revisions\/530"}],"wp:attachment":[{"href":"https:\/\/www.location-gite-pornic.fr\/index.php?rest_route=%2Fwp%2Fv2%2Fmedia&parent=60"}],"curies":[{"name":"wp","href":"https:\/\/api.w.org\/{rel}","templated":true}]}}